{"id":319,"date":"2025-01-26T22:31:46","date_gmt":"2025-01-26T22:31:46","guid":{"rendered":"https:\/\/regalatiempo.cl\/?post_type=product&#038;p=319"},"modified":"2025-02-08T16:21:59","modified_gmt":"2025-02-08T16:21:59","slug":"participar-taller-de-arte","status":"publish","type":"product","link":"https:\/\/regalatiempo.cl\/index.php\/producto\/participar-taller-de-arte\/","title":{"rendered":"Participar Taller de Arte"},"content":{"rendered":"<p>\u00a1Despierta la creatividad de Ignacia con un taller de arte! \ud83c\udfa8\u2728 Una experiencia \u00fanica donde podr\u00e1 explorar diferentes t\u00e9cnicas, colores y materiales, dando vida a su imaginaci\u00f3n mientras crea algo especial con sus propias manos.<\/p>\n<p>&nbsp;<\/p>\n","protected":false},"excerpt":{"rendered":"<p>Pintura, dibujo o manualidades, el arte es una forma maravillosa de expresarse y relajarse. \u00a1Un regalo lleno de inspiraci\u00f3n, diversi\u00f3n y belleza! \ud83c\udf1f\ud83d\udd8c\ufe0f\ud83d\udc95<\/p>\n","protected":false},"featured_media":320,"comment_status":"open","ping_status":"closed","template":"","meta":{"_et_pb_use_builder":"","_et_pb_old_content":"","_et_gb_content_width":""},"product_brand":[],"product_cat":[22],"product_tag":[],"class_list":{"0":"post-319","1":"product","2":"type-product","3":"status-publish","4":"has-post-thumbnail","6":"product_cat-cumpleanos-ignacia","8":"first","9":"outofstock","10":"virtual","11":"purchasable","12":"product-type-simple"},"_links":{"self":[{"href":"https:\/\/regalatiempo.cl\/index.php\/wp-json\/wp\/v2\/product\/319","targetHints":{"allow":["GET"]}}],"collection":[{"href":"https:\/\/regalatiempo.cl\/index.php\/wp-json\/wp\/v2\/product"}],"about":[{"href":"https:\/\/regalatiempo.cl\/index.php\/wp-json\/wp\/v2\/types\/product"}],"replies":[{"embeddable":true,"href":"https:\/\/regalatiempo.cl\/index.php\/wp-json\/wp\/v2\/comments?post=319"}],"wp:featuredmedia":[{"embeddable":true,"href":"https:\/\/regalatiempo.cl\/index.php\/wp-json\/wp\/v2\/media\/320"}],"wp:attachment":[{"href":"https:\/\/regalatiempo.cl\/index.php\/wp-json\/wp\/v2\/media?parent=319"}],"wp:term":[{"taxonomy":"product_brand","embeddable":true,"href":"https:\/\/regalatiempo.cl\/index.php\/wp-json\/wp\/v2\/product_brand?post=319"},{"taxonomy":"product_cat","embeddable":true,"href":"https:\/\/regalatiempo.cl\/index.php\/wp-json\/wp\/v2\/product_cat?post=319"},{"taxonomy":"product_tag","embeddable":true,"href":"https:\/\/regalatiempo.cl\/index.php\/wp-json\/wp\/v2\/product_tag?post=319"}],"curies":[{"name":"wp","href":"https:\/\/api.w.org\/{rel}","templated":true}]}}