{"id":300,"date":"2025-01-26T20:15:13","date_gmt":"2025-01-26T20:15:13","guid":{"rendered":"https:\/\/regalatiempo.cl\/?post_type=product&#038;p=300"},"modified":"2025-02-08T19:03:26","modified_gmt":"2025-02-08T19:03:26","slug":"asistir-a-juegos-inflables","status":"publish","type":"product","link":"https:\/\/regalatiempo.cl\/index.php\/producto\/asistir-a-juegos-inflables\/","title":{"rendered":"Asistir a Juegos Inflables"},"content":{"rendered":"<p>\u00a1Reg\u00e1lale a Ignacia un d\u00eda lleno de risas y diversi\u00f3n! \ud83c\udf89 Asistir a los juegos inflables es una experiencia perfecta para liberar energ\u00eda, saltar sin l\u00edmites y disfrutar como ni\u00f1a otra vez.<\/p>\n","protected":false},"excerpt":{"rendered":"<p>Con desaf\u00edos, toboganes y mucha adrenalina, los juegos inflables garantizan momentos \u00fanicos llenos de alegr\u00eda. \u00a1Un regalo que ser\u00e1 puro entretenimiento y felicidad! \ud83e\ude82\u2728<\/p>\n","protected":false},"featured_media":298,"comment_status":"open","ping_status":"closed","template":"","meta":{"_et_pb_use_builder":"","_et_pb_old_content":"","_et_gb_content_width":""},"product_brand":[],"product_cat":[22],"product_tag":[],"class_list":{"0":"post-300","1":"product","2":"type-product","3":"status-publish","4":"has-post-thumbnail","6":"product_cat-cumpleanos-ignacia","8":"first","9":"outofstock","10":"virtual","11":"purchasable","12":"product-type-simple"},"_links":{"self":[{"href":"https:\/\/regalatiempo.cl\/index.php\/wp-json\/wp\/v2\/product\/300","targetHints":{"allow":["GET"]}}],"collection":[{"href":"https:\/\/regalatiempo.cl\/index.php\/wp-json\/wp\/v2\/product"}],"about":[{"href":"https:\/\/regalatiempo.cl\/index.php\/wp-json\/wp\/v2\/types\/product"}],"replies":[{"embeddable":true,"href":"https:\/\/regalatiempo.cl\/index.php\/wp-json\/wp\/v2\/comments?post=300"}],"wp:featuredmedia":[{"embeddable":true,"href":"https:\/\/regalatiempo.cl\/index.php\/wp-json\/wp\/v2\/media\/298"}],"wp:attachment":[{"href":"https:\/\/regalatiempo.cl\/index.php\/wp-json\/wp\/v2\/media?parent=300"}],"wp:term":[{"taxonomy":"product_brand","embeddable":true,"href":"https:\/\/regalatiempo.cl\/index.php\/wp-json\/wp\/v2\/product_brand?post=300"},{"taxonomy":"product_cat","embeddable":true,"href":"https:\/\/regalatiempo.cl\/index.php\/wp-json\/wp\/v2\/product_cat?post=300"},{"taxonomy":"product_tag","embeddable":true,"href":"https:\/\/regalatiempo.cl\/index.php\/wp-json\/wp\/v2\/product_tag?post=300"}],"curies":[{"name":"wp","href":"https:\/\/api.w.org\/{rel}","templated":true}]}}