{"id":297,"date":"2025-01-26T20:11:18","date_gmt":"2025-01-26T20:11:18","guid":{"rendered":"https:\/\/regalatiempo.cl\/?post_type=product&#038;p=297"},"modified":"2025-02-08T15:45:28","modified_gmt":"2025-02-08T15:45:28","slug":"ver-bailes-rapa-nui","status":"publish","type":"product","link":"https:\/\/regalatiempo.cl\/index.php\/producto\/ver-bailes-rapa-nui\/","title":{"rendered":"Ver Bailes Rapa Nui"},"content":{"rendered":"<p>\u00a1Reg\u00e1lale a Ignacia una experiencia cultural inolvidable! \ud83c\udf3a Asistir a un espect\u00e1culo de bailes tradicionales de Rapa Nui es una forma \u00fanica de sumergirse en la rica historia y energ\u00eda de la isla.<\/p>\n<p>&nbsp;<\/p>\n","protected":false},"excerpt":{"rendered":"<p>Con sus vibrantes movimientos, m\u00fasica ancestral y trajes t\u00edpicos, los bailes rapa nui transmiten alegr\u00eda y conexi\u00f3n con sus ra\u00edces polin\u00e9sicas. \u00a1Un regalo lleno de magia, ritmo y tradici\u00f3n que la emocionar\u00e1! \ud83e\udd41\u2728<\/p>\n<p>&nbsp;<\/p>\n<p>&nbsp;<\/p>\n<p>&nbsp;<\/p>\n","protected":false},"featured_media":299,"comment_status":"open","ping_status":"closed","template":"","meta":{"_et_pb_use_builder":"","_et_pb_old_content":"","_et_gb_content_width":""},"product_brand":[],"product_cat":[18],"product_tag":[],"class_list":{"0":"post-297","1":"product","2":"type-product","3":"status-publish","4":"has-post-thumbnail","6":"product_cat-sin-categorizar","8":"first","9":"outofstock","10":"virtual","11":"purchasable","12":"product-type-simple"},"_links":{"self":[{"href":"https:\/\/regalatiempo.cl\/index.php\/wp-json\/wp\/v2\/product\/297","targetHints":{"allow":["GET"]}}],"collection":[{"href":"https:\/\/regalatiempo.cl\/index.php\/wp-json\/wp\/v2\/product"}],"about":[{"href":"https:\/\/regalatiempo.cl\/index.php\/wp-json\/wp\/v2\/types\/product"}],"replies":[{"embeddable":true,"href":"https:\/\/regalatiempo.cl\/index.php\/wp-json\/wp\/v2\/comments?post=297"}],"wp:featuredmedia":[{"embeddable":true,"href":"https:\/\/regalatiempo.cl\/index.php\/wp-json\/wp\/v2\/media\/299"}],"wp:attachment":[{"href":"https:\/\/regalatiempo.cl\/index.php\/wp-json\/wp\/v2\/media?parent=297"}],"wp:term":[{"taxonomy":"product_brand","embeddable":true,"href":"https:\/\/regalatiempo.cl\/index.php\/wp-json\/wp\/v2\/product_brand?post=297"},{"taxonomy":"product_cat","embeddable":true,"href":"https:\/\/regalatiempo.cl\/index.php\/wp-json\/wp\/v2\/product_cat?post=297"},{"taxonomy":"product_tag","embeddable":true,"href":"https:\/\/regalatiempo.cl\/index.php\/wp-json\/wp\/v2\/product_tag?post=297"}],"curies":[{"name":"wp","href":"https:\/\/api.w.org\/{rel}","templated":true}]}}