{"id":293,"date":"2025-01-26T16:23:22","date_gmt":"2025-01-26T16:23:22","guid":{"rendered":"https:\/\/regalatiempo.cl\/?post_type=product&#038;p=293"},"modified":"2025-02-09T15:52:28","modified_gmt":"2025-02-09T15:52:28","slug":"visita-volcan-rano-kau","status":"publish","type":"product","link":"https:\/\/regalatiempo.cl\/index.php\/producto\/visita-volcan-rano-kau\/","title":{"rendered":"Visita Volc\u00e1n Rano Kau"},"content":{"rendered":"<p>\u00a1Reg\u00e1lale a Ignacia una experiencia inolvidable! \ud83c\udf0b Una visita al volc\u00e1n Rano Kau en Rapa Nui es el plan perfecto para conectar con la naturaleza y disfrutar de paisajes \u00fanicos.<\/p>\n<p>&nbsp;<\/p>\n","protected":false},"excerpt":{"rendered":"<p>Con su impresionante cr\u00e1ter lleno de vegetaci\u00f3n y una vista panor\u00e1mica al oc\u00e9ano, Rano Kau es un lugar m\u00e1gico que combina aventura, historia y belleza. \u00a1Un regalo que quedar\u00e1 grabado para siempre en su memoria! \ud83c\udf3f\u2728<\/p>\n<p>&nbsp;<\/p>\n","protected":false},"featured_media":294,"comment_status":"open","ping_status":"closed","template":"","meta":{"_et_pb_use_builder":"","_et_pb_old_content":"","_et_gb_content_width":""},"product_brand":[],"product_cat":[22],"product_tag":[],"class_list":{"0":"post-293","1":"product","2":"type-product","3":"status-publish","4":"has-post-thumbnail","6":"product_cat-cumpleanos-ignacia","8":"first","9":"outofstock","10":"virtual","11":"purchasable","12":"product-type-simple"},"_links":{"self":[{"href":"https:\/\/regalatiempo.cl\/index.php\/wp-json\/wp\/v2\/product\/293","targetHints":{"allow":["GET"]}}],"collection":[{"href":"https:\/\/regalatiempo.cl\/index.php\/wp-json\/wp\/v2\/product"}],"about":[{"href":"https:\/\/regalatiempo.cl\/index.php\/wp-json\/wp\/v2\/types\/product"}],"replies":[{"embeddable":true,"href":"https:\/\/regalatiempo.cl\/index.php\/wp-json\/wp\/v2\/comments?post=293"}],"wp:featuredmedia":[{"embeddable":true,"href":"https:\/\/regalatiempo.cl\/index.php\/wp-json\/wp\/v2\/media\/294"}],"wp:attachment":[{"href":"https:\/\/regalatiempo.cl\/index.php\/wp-json\/wp\/v2\/media?parent=293"}],"wp:term":[{"taxonomy":"product_brand","embeddable":true,"href":"https:\/\/regalatiempo.cl\/index.php\/wp-json\/wp\/v2\/product_brand?post=293"},{"taxonomy":"product_cat","embeddable":true,"href":"https:\/\/regalatiempo.cl\/index.php\/wp-json\/wp\/v2\/product_cat?post=293"},{"taxonomy":"product_tag","embeddable":true,"href":"https:\/\/regalatiempo.cl\/index.php\/wp-json\/wp\/v2\/product_tag?post=293"}],"curies":[{"name":"wp","href":"https:\/\/api.w.org\/{rel}","templated":true}]}}