{"id":280,"date":"2025-01-25T15:35:20","date_gmt":"2025-01-25T15:35:20","guid":{"rendered":"https:\/\/regalatiempo.cl\/?post_type=product&#038;p=280"},"modified":"2025-02-04T19:19:59","modified_gmt":"2025-02-04T19:19:59","slug":"visitar-15-moais-en-rapa-nui","status":"publish","type":"product","link":"https:\/\/regalatiempo.cl\/index.php\/producto\/visitar-15-moais-en-rapa-nui\/","title":{"rendered":"Visitar 15 Moais en Rapa Nui"},"content":{"rendered":"<p>Descubrir este ic\u00f3nico patrimonio, rodeado de la magia de la isla, ser\u00e1 un viaje lleno de significado y asombro. \u00a1Reg\u00e1lale una conexi\u00f3n especial con uno de los lugares m\u00e1s fascinantes del mundo! \ud83d\uddff\u2728<\/p>\n<p>&nbsp;<\/p>\n<p>&nbsp;<\/p>\n","protected":false},"excerpt":{"rendered":"<p>\u00a1Sorprende a Ignacia con un regalo inolvidable! \ud83c\udf3a Una visita a Rapa Nui para conocer los 15 majestuosos mo\u00e1is de Ahu Tongariki es una experiencia \u00fanica que combina historia, cultura y paisajes impresionantes. \ud83c\udf0a<\/p>\n<p>&nbsp;<\/p>\n","protected":false},"featured_media":282,"comment_status":"open","ping_status":"closed","template":"","meta":{"_et_pb_use_builder":"","_et_pb_old_content":"","_et_gb_content_width":""},"product_brand":[],"product_cat":[18],"product_tag":[],"class_list":{"0":"post-280","1":"product","2":"type-product","3":"status-publish","4":"has-post-thumbnail","6":"product_cat-sin-categorizar","8":"first","9":"outofstock","10":"virtual","11":"purchasable","12":"product-type-simple"},"_links":{"self":[{"href":"https:\/\/regalatiempo.cl\/index.php\/wp-json\/wp\/v2\/product\/280","targetHints":{"allow":["GET"]}}],"collection":[{"href":"https:\/\/regalatiempo.cl\/index.php\/wp-json\/wp\/v2\/product"}],"about":[{"href":"https:\/\/regalatiempo.cl\/index.php\/wp-json\/wp\/v2\/types\/product"}],"replies":[{"embeddable":true,"href":"https:\/\/regalatiempo.cl\/index.php\/wp-json\/wp\/v2\/comments?post=280"}],"wp:featuredmedia":[{"embeddable":true,"href":"https:\/\/regalatiempo.cl\/index.php\/wp-json\/wp\/v2\/media\/282"}],"wp:attachment":[{"href":"https:\/\/regalatiempo.cl\/index.php\/wp-json\/wp\/v2\/media?parent=280"}],"wp:term":[{"taxonomy":"product_brand","embeddable":true,"href":"https:\/\/regalatiempo.cl\/index.php\/wp-json\/wp\/v2\/product_brand?post=280"},{"taxonomy":"product_cat","embeddable":true,"href":"https:\/\/regalatiempo.cl\/index.php\/wp-json\/wp\/v2\/product_cat?post=280"},{"taxonomy":"product_tag","embeddable":true,"href":"https:\/\/regalatiempo.cl\/index.php\/wp-json\/wp\/v2\/product_tag?post=280"}],"curies":[{"name":"wp","href":"https:\/\/api.w.org\/{rel}","templated":true}]}}