{"id":268,"date":"2025-01-24T20:00:03","date_gmt":"2025-01-24T20:00:03","guid":{"rendered":"https:\/\/regalatiempo.cl\/?post_type=product&#038;p=268"},"modified":"2025-02-08T19:42:49","modified_gmt":"2025-02-08T19:42:49","slug":"ir-a-jugar-a-happyland","status":"publish","type":"product","link":"https:\/\/regalatiempo.cl\/index.php\/producto\/ir-a-jugar-a-happyland\/","title":{"rendered":"Ir a jugar a Happyland"},"content":{"rendered":"<p>Regalar una visita a Happyland es regalar diversi\u00f3n y aventura sin l\u00edmites. Es el lugar perfecto para desconectarse y disfrutar como ni\u00f1o, con juegos emocionantes, simuladores, y actividades para todas las edades. Happyland garantiza risas, recuerdos inolvidables y un momento lleno de alegr\u00eda. \u00a1Un regalo que se convierte en pura felicidad!<\/p>\n","protected":false},"excerpt":{"rendered":"<p>Regalar una visita a Happyland es regalar diversi\u00f3n y aventura sin l\u00edmites. Es el lugar perfecto para desconectarse y disfrutar como ni\u00f1o, con juegos emocionantes, simuladores, y actividades para todas las edades. Happyland garantiza risas, recuerdos inolvidables y un momento lleno de alegr\u00eda. \u00a1Un regalo que se convierte en pura felicidad!<\/p>\n","protected":false},"featured_media":277,"comment_status":"open","ping_status":"closed","template":"","meta":{"_et_pb_use_builder":"","_et_pb_old_content":"","_et_gb_content_width":""},"product_brand":[],"product_cat":[22],"product_tag":[],"class_list":{"0":"post-268","1":"product","2":"type-product","3":"status-publish","4":"has-post-thumbnail","6":"product_cat-cumpleanos-ignacia","8":"first","9":"instock","10":"virtual","11":"purchasable","12":"product-type-simple"},"_links":{"self":[{"href":"https:\/\/regalatiempo.cl\/index.php\/wp-json\/wp\/v2\/product\/268","targetHints":{"allow":["GET"]}}],"collection":[{"href":"https:\/\/regalatiempo.cl\/index.php\/wp-json\/wp\/v2\/product"}],"about":[{"href":"https:\/\/regalatiempo.cl\/index.php\/wp-json\/wp\/v2\/types\/product"}],"replies":[{"embeddable":true,"href":"https:\/\/regalatiempo.cl\/index.php\/wp-json\/wp\/v2\/comments?post=268"}],"wp:featuredmedia":[{"embeddable":true,"href":"https:\/\/regalatiempo.cl\/index.php\/wp-json\/wp\/v2\/media\/277"}],"wp:attachment":[{"href":"https:\/\/regalatiempo.cl\/index.php\/wp-json\/wp\/v2\/media?parent=268"}],"wp:term":[{"taxonomy":"product_brand","embeddable":true,"href":"https:\/\/regalatiempo.cl\/index.php\/wp-json\/wp\/v2\/product_brand?post=268"},{"taxonomy":"product_cat","embeddable":true,"href":"https:\/\/regalatiempo.cl\/index.php\/wp-json\/wp\/v2\/product_cat?post=268"},{"taxonomy":"product_tag","embeddable":true,"href":"https:\/\/regalatiempo.cl\/index.php\/wp-json\/wp\/v2\/product_tag?post=268"}],"curies":[{"name":"wp","href":"https:\/\/api.w.org\/{rel}","templated":true}]}}