{"id":260,"date":"2025-01-24T19:37:06","date_gmt":"2025-01-24T19:37:06","guid":{"rendered":"https:\/\/regalatiempo.cl\/?post_type=product&#038;p=260"},"modified":"2025-02-08T18:57:09","modified_gmt":"2025-02-08T18:57:09","slug":"visita-al-cine","status":"publish","type":"product","link":"https:\/\/regalatiempo.cl\/index.php\/producto\/visita-al-cine\/","title":{"rendered":"Visita al Cine"},"content":{"rendered":"<p>Si buscas regalarle a Ignacia una experiencia especial, una visita al cine podr\u00eda ser perfecta. Sabemos que ella disfruta de momentos \u00fanicos, y una tarde viendo una buena pel\u00edcula es una oportunidad para desconectarse y relajarse. Acompa\u00f1arla al cine, elegir juntos una pel\u00edcula que le encante y compartir unas palomitas puede ser el detalle que la haga sonre\u00edr. \u00a1Haz que este regalo sea una invitaci\u00f3n para vivir un momento inolvidable!<\/p>\n","protected":false},"excerpt":{"rendered":"<div class=\"flex-shrink-0 flex flex-col relative items-end\">\n<div>\n<div class=\"pt-0\">\n<div class=\"gizmo-bot-avatar flex h-8 w-8 items-center justify-center overflow-hidden rounded-full\">\n<div class=\"relative p-1 rounded-sm flex items-center justify-center bg-token-main-surface-primary text-token-text-primary h-8 w-8\">Ir al cine es una experiencia \u00fanica que combina entretenimiento y desconexi\u00f3n. Ofrece un momento para relajarse, disfrutar de una buena pel\u00edcula en pantalla gigante con sonido envolvente y compartir un rato especial lejos de las distracciones cotidianas. \u00a1Perfecto para recargar energ\u00edas y vivir algo memorable!<\/div>\n<\/div>\n<\/div>\n<\/div>\n<\/div>\n","protected":false},"featured_media":288,"comment_status":"open","ping_status":"closed","template":"","meta":{"_et_pb_use_builder":"","_et_pb_old_content":"","_et_gb_content_width":""},"product_brand":[],"product_cat":[22],"product_tag":[],"class_list":{"0":"post-260","1":"product","2":"type-product","3":"status-publish","4":"has-post-thumbnail","6":"product_cat-cumpleanos-ignacia","8":"first","9":"instock","10":"virtual","11":"purchasable","12":"product-type-simple"},"_links":{"self":[{"href":"https:\/\/regalatiempo.cl\/index.php\/wp-json\/wp\/v2\/product\/260","targetHints":{"allow":["GET"]}}],"collection":[{"href":"https:\/\/regalatiempo.cl\/index.php\/wp-json\/wp\/v2\/product"}],"about":[{"href":"https:\/\/regalatiempo.cl\/index.php\/wp-json\/wp\/v2\/types\/product"}],"replies":[{"embeddable":true,"href":"https:\/\/regalatiempo.cl\/index.php\/wp-json\/wp\/v2\/comments?post=260"}],"wp:featuredmedia":[{"embeddable":true,"href":"https:\/\/regalatiempo.cl\/index.php\/wp-json\/wp\/v2\/media\/288"}],"wp:attachment":[{"href":"https:\/\/regalatiempo.cl\/index.php\/wp-json\/wp\/v2\/media?parent=260"}],"wp:term":[{"taxonomy":"product_brand","embeddable":true,"href":"https:\/\/regalatiempo.cl\/index.php\/wp-json\/wp\/v2\/product_brand?post=260"},{"taxonomy":"product_cat","embeddable":true,"href":"https:\/\/regalatiempo.cl\/index.php\/wp-json\/wp\/v2\/product_cat?post=260"},{"taxonomy":"product_tag","embeddable":true,"href":"https:\/\/regalatiempo.cl\/index.php\/wp-json\/wp\/v2\/product_tag?post=260"}],"curies":[{"name":"wp","href":"https:\/\/api.w.org\/{rel}","templated":true}]}}