{"id":181,"date":"2025-01-22T18:30:01","date_gmt":"2025-01-22T18:30:01","guid":{"rendered":"https:\/\/regalatiempo.cl\/?post_type=product&#038;p=181"},"modified":"2025-01-23T21:02:59","modified_gmt":"2025-01-23T21:02:59","slug":"sesion-fotografica","status":"publish","type":"product","link":"https:\/\/regalatiempo.cl\/index.php\/producto\/sesion-fotografica\/","title":{"rendered":"Sesi\u00f3n Fotogr\u00e1fica"},"content":{"rendered":"<p>Regala <strong>una sesi\u00f3n fotogr\u00e1fica<\/strong> para que puedas inmortalizar esos momentos especiales que llenan tu vida de recuerdos. Esta experiencia te permitir\u00e1 ser el protagonista de un d\u00eda lleno de sonrisas, emociones y recuerdos que quedar\u00e1n reflejados para siempre en im\u00e1genes que podr\u00e1s atesorar.<\/p>\n<p>A trav\u00e9s del lente, capturaremos la esencia de lo que te hace \u00fanico, esos peque\u00f1os detalles y emociones que a veces se escapan al ojo, pero que quedan grabados para siempre. Ya sea en un ambiente natural, urbano o en el confort de tu hogar, cada foto ser\u00e1 una obra que hablar\u00e1 por s\u00ed sola, contando tu historia.<\/p>\n<p>Disfruta de esta experiencia \u00fanica y deja que el arte de la fotograf\u00eda convierta tus momentos m\u00e1s preciados en recuerdos tangibles.<\/p>\n","protected":false},"excerpt":{"rendered":"<p>Regala <strong>una sesi\u00f3n fotogr\u00e1fica<\/strong> para que puedas inmortalizar esos momentos especiales que llenan tu vida de recuerdos. Esta experiencia te permitir\u00e1 ser el protagonista de un d\u00eda lleno de sonrisas, emociones y recuerdos que quedar\u00e1n reflejados para siempre en im\u00e1genes que podr\u00e1s atesorar.<\/p>\n","protected":false},"featured_media":213,"comment_status":"open","ping_status":"closed","template":"","meta":{"_et_pb_use_builder":"","_et_pb_old_content":"","_et_gb_content_width":""},"product_brand":[],"product_cat":[21],"product_tag":[],"class_list":{"0":"post-181","1":"product","2":"type-product","3":"status-publish","4":"has-post-thumbnail","6":"product_cat-regala-experiencias","8":"first","9":"instock","10":"sale","11":"virtual","12":"purchasable","13":"product-type-simple"},"_links":{"self":[{"href":"https:\/\/regalatiempo.cl\/index.php\/wp-json\/wp\/v2\/product\/181","targetHints":{"allow":["GET"]}}],"collection":[{"href":"https:\/\/regalatiempo.cl\/index.php\/wp-json\/wp\/v2\/product"}],"about":[{"href":"https:\/\/regalatiempo.cl\/index.php\/wp-json\/wp\/v2\/types\/product"}],"replies":[{"embeddable":true,"href":"https:\/\/regalatiempo.cl\/index.php\/wp-json\/wp\/v2\/comments?post=181"}],"wp:featuredmedia":[{"embeddable":true,"href":"https:\/\/regalatiempo.cl\/index.php\/wp-json\/wp\/v2\/media\/213"}],"wp:attachment":[{"href":"https:\/\/regalatiempo.cl\/index.php\/wp-json\/wp\/v2\/media?parent=181"}],"wp:term":[{"taxonomy":"product_brand","embeddable":true,"href":"https:\/\/regalatiempo.cl\/index.php\/wp-json\/wp\/v2\/product_brand?post=181"},{"taxonomy":"product_cat","embeddable":true,"href":"https:\/\/regalatiempo.cl\/index.php\/wp-json\/wp\/v2\/product_cat?post=181"},{"taxonomy":"product_tag","embeddable":true,"href":"https:\/\/regalatiempo.cl\/index.php\/wp-json\/wp\/v2\/product_tag?post=181"}],"curies":[{"name":"wp","href":"https:\/\/api.w.org\/{rel}","templated":true}]}}