{"id":255,"date":"2025-01-24T19:02:15","date_gmt":"2025-01-24T19:02:15","guid":{"rendered":"https:\/\/regalatiempo.cl\/?page_id=255"},"modified":"2025-01-31T12:04:15","modified_gmt":"2025-01-31T12:04:15","slug":"cumple-ignacia","status":"publish","type":"page","link":"https:\/\/regalatiempo.cl\/index.php\/cumple-ignacia\/","title":{"rendered":"Cumple ignacia"},"content":{"rendered":"<p>[et_pb_section fb_built=\u00bb1&#8243; admin_label=\u00bbSpeaker\u00bb _builder_version=\u00bb4.19.0&#8243; _module_preset=\u00bbdefault\u00bb background_image=\u00bbhttps:\/\/regalatiempo.cl\/wp-content\/uploads\/2025\/01\/webinar-2.png\u00bb background_size=\u00bbcontain\u00bb background_position=\u00bbbottom_right\u00bb background_horizontal_offset=\u00bb18%\u00bb locked=\u00bboff\u00bb collapsed=\u00bbon\u00bb global_colors_info=\u00bb{}\u00bb][et_pb_row column_structure=\u00bb3_5,2_5&#8243; use_custom_gutter=\u00bbon\u00bb gutter_width=\u00bb1&#8243; make_equal=\u00bbon\u00bb _builder_version=\u00bb4.27.4&#8243; _module_preset=\u00bbdefault\u00bb custom_padding=\u00bb||||false|false\u00bb global_colors_info=\u00bb{}\u00bb][et_pb_column type=\u00bb3_5&#8243; _builder_version=\u00bb4.27.4&#8243; _module_preset=\u00bbdefault\u00bb background_color=\u00bb#FFFFFF\u00bb custom_padding=\u00bb60px|60px|60px|60px|true|true\u00bb custom_padding_tablet=\u00bb30px|30px|30px|30px|true|true\u00bb custom_padding_phone=\u00bb20px|20px|20px|20px|true|true\u00bb custom_padding_last_edited=\u00bbon|phone\u00bb box_shadow_style=\u00bbpreset1&#8243; box_shadow_horizontal=\u00bb8px\u00bb box_shadow_vertical=\u00bb14px\u00bb box_shadow_blur=\u00bb80px\u00bb box_shadow_color=\u00bbrgba(24,4,58,0.1)\u00bb global_colors_info=\u00bb{%22gcid-acbd5969-9d5f-4bea-a694-e0e16adbbd29%22:%91%22button_text_color%22%93,%22gcid-4d171f29-f5cf-4a1b-99b0-2dc43983beb9%22:%91%22border_color_all%22,%22border_color_all%22%93,%22gcid-e850ad88-05af-4ed0-bc88-7082de258f33%22:%91%22button_bg_color%22%93}\u00bb][et_pb_text _builder_version=\u00bb4.27.4&#8243; _module_preset=\u00bbb327cbe4-b1d5-4b66-ad37-40c8f2f061ba\u00bb header_2_font=\u00bbNunito Sans|900|||||||\u00bb header_2_font_size=\u00bb48px\u00bb header_2_line_height=\u00bb1.2em\u00bb custom_margin=\u00bb||10px||false|false\u00bb header_2_font_size_tablet=\u00bb32px\u00bb header_2_font_size_phone=\u00bb20px\u00bb header_2_font_size_last_edited=\u00bbon|desktop\u00bb global_colors_info=\u00bb{}\u00bb]<\/p>\n<h2>Cumplea\u00f1os<\/h2>\n<h2>Ignacia Santa Mar\u00eda<\/h2>\n<p>[\/et_pb_text][et_pb_divider color=\u00bbgcid-e850ad88-05af-4ed0-bc88-7082de258f33&#8243; divider_weight=\u00bb4px\u00bb _builder_version=\u00bb4.18.0&#8243; _module_preset=\u00bbdefault\u00bb width=\u00bb100px\u00bb locked=\u00bboff\u00bb global_colors_info=\u00bb{%22gcid-e850ad88-05af-4ed0-bc88-7082de258f33%22:%91%22color%22%93}\u00bb][\/et_pb_divider][et_pb_text _builder_version=\u00bb4.27.4&#8243; _module_preset=\u00bb4827deed-2a92-4d97-a22f-f01067ae6873&#8243; header_font=\u00bb||||||||\u00bb header_4_font=\u00bbNunito Sans|900|||||||\u00bb header_4_font_size=\u00bb20px\u00bb header_4_line_height=\u00bb1.2em\u00bb custom_margin=\u00bb30px||30px||true|false\u00bb header_4_font_size_tablet=\u00bb16px\u00bb header_4_font_size_phone=\u00bb14px\u00bb header_4_font_size_last_edited=\u00bbon|tablet\u00bb global_colors_info=\u00bb{}\u00bb]<\/p>\n<h4>Fiesta de cumplea\u00f1os<\/h4>\n<p>[\/et_pb_text][et_pb_image title_text=\u00bbWhatsApp Image 2025-01-24 at 15.52.13 (1)\u00bb src_tablet=\u00bb\u00bb src_phone=\u00bbhttps:\/\/regalatiempo.cl\/wp-content\/uploads\/2025\/01\/WhatsApp-Image-2025-01-24-at-15.52.13-1.jpeg\u00bb src_last_edited=\u00bbon|desktop\u00bb _builder_version=\u00bb4.27.4&#8243; _module_preset=\u00bbdefault\u00bb global_colors_info=\u00bb{}\u00bb][\/et_pb_image][et_pb_text _builder_version=\u00bb4.27.4&#8243; _module_preset=\u00bb1f09816e-184e-4ce5-a4cf-b39c52c423ca\u00bb text_font=\u00bbPT Sans||||||||\u00bb text_font_size=\u00bb16px\u00bb text_line_height=\u00bb1.4em\u00bb custom_margin=\u00bb|||60px|false|false\u00bb custom_margin_tablet=\u00bb|||0px|false|false\u00bb custom_margin_phone=\u00bb|||0px|false|false\u00bb custom_margin_last_edited=\u00bbon|tablet\u00bb hover_enabled=\u00bb0&#8243; text_font_size_tablet=\u00bb15px\u00bb text_font_size_phone=\u00bb14px\u00bb text_font_size_last_edited=\u00bbon|phone\u00bb header_font_size_tablet=\u00bb55px\u00bb header_font_size_last_edited=\u00bboff|desktop\u00bb global_colors_info=\u00bb{}\u00bb sticky_enabled=\u00bb0&#8243;]<\/p>\n<p style=\"text-align: justify;\">Este a\u00f1o, <strong>Ignacia<\/strong> celebra un d\u00eda muy especial, y no queremos que faltes. Ser\u00e1 una fiesta llena de diversi\u00f3n, risas y momentos inolvidables, porque lo \u00fanico mejor que un cumplea\u00f1os, \u00a1es celebrarlo con las personas que m\u00e1s queremos!<\/p>\n<p style=\"text-align: justify;\">Ven preparado para disfrutar de una tarde incre\u00edble con juegos, m\u00fasica y muchas sorpresas. \u00a1Nos encantar\u00eda tenerte all\u00ed para hacer de este d\u00eda algo a\u00fan m\u00e1s especial<\/p>\n<p>[\/et_pb_text][et_pb_countdown_timer title=\u00bb08 Febrero 2025&#8243; date_time=\u00bb2025-02-08 13:55&#8243; _builder_version=\u00bb4.27.4&#8243; _module_preset=\u00bbdefault\u00bb header_font=\u00bb|700|||||||\u00bb header_text_color=\u00bb#0C71C3&#8243; label_font_size=\u00bb8px\u00bb background_enable_color=\u00bboff\u00bb background_layout=\u00bblight\u00bb width=\u00bb100%\u00bb header_font_size_tablet=\u00bb\u00bb header_font_size_phone=\u00bb18px\u00bb header_font_size_last_edited=\u00bbon|phone\u00bb numbers_text_color_tablet=\u00bb\u00bb numbers_text_color_phone=\u00bb\u00bb numbers_text_color_last_edited=\u00bbon|phone\u00bb numbers_font_size_tablet=\u00bb\u00bb numbers_font_size_phone=\u00bb25px\u00bb numbers_font_size_last_edited=\u00bbon|phone\u00bb label_text_color_tablet=\u00bb\u00bb label_text_color_phone=\u00bb\u00bb label_text_color_last_edited=\u00bbon|phone\u00bb global_colors_info=\u00bb{}\u00bb][\/et_pb_countdown_timer][et_pb_button button_url=\u00bbhttps:\/\/regalatiempo.cl\/index.php\/categoria-producto\/cumpleanos-ignacia\/\u00bb button_text=\u00bbLista de Deseos\u00bb _builder_version=\u00bb4.27.4&#8243; _module_preset=\u00bb3117bc07-6a8a-4679-b3bb-b6ed74b48a2f\u00bb custom_button=\u00bbon\u00bb button_text_size=\u00bb14px\u00bb button_text_color=\u00bb#FFFFFF\u00bb button_bg_color=\u00bb#e15a83&#8243; button_border_width=\u00bb0px\u00bb button_border_radius=\u00bb0px\u00bb button_font=\u00bbNunito Sans|900||on|||||\u00bb custom_margin=\u00bb|||60px|false|false\u00bb custom_margin_tablet=\u00bb|||0px|false|false\u00bb custom_margin_phone=\u00bb|||0px|false|false\u00bb custom_margin_last_edited=\u00bbon|tablet\u00bb custom_padding=\u00bb16px|32px|16px|32px|true|true\u00bb global_colors_info=\u00bb{}\u00bb][\/et_pb_button][\/et_pb_column][et_pb_column type=\u00bb2_5&#8243; _builder_version=\u00bb4.27.4&#8243; _module_preset=\u00bbdefault\u00bb background_color=\u00bbrgba(12,113,195,0.3)\u00bb background_image=\u00bbhttps:\/\/regalatiempo.cl\/wp-content\/uploads\/2025\/01\/WhatsApp-Image-2025-01-24-at-15.52.13-1.jpeg\u00bb global_colors_info=\u00bb{}\u00bb][\/et_pb_column][\/et_pb_row][\/et_pb_section]<\/p>\n","protected":false},"excerpt":{"rendered":"<p>Cumplea\u00f1os Ignacia Santa Mar\u00edaFiesta de cumplea\u00f1osEste a\u00f1o, Ignacia celebra un d\u00eda muy especial, y no queremos que faltes. Ser\u00e1 una fiesta llena de diversi\u00f3n, risas y momentos inolvidables, porque lo \u00fanico mejor que un cumplea\u00f1os, \u00a1es celebrarlo con las personas que m\u00e1s queremos! Ven preparado para disfrutar de una tarde incre\u00edble con juegos, m\u00fasica y [&hellip;]<\/p>\n","protected":false},"author":1,"featured_media":0,"parent":0,"menu_order":0,"comment_status":"closed","ping_status":"closed","template":"","meta":{"_et_pb_use_builder":"on","_et_pb_old_content":"","_et_gb_content_width":"","footnotes":""},"class_list":["post-255","page","type-page","status-publish","hentry"],"_links":{"self":[{"href":"https:\/\/regalatiempo.cl\/index.php\/wp-json\/wp\/v2\/pages\/255","targetHints":{"allow":["GET"]}}],"collection":[{"href":"https:\/\/regalatiempo.cl\/index.php\/wp-json\/wp\/v2\/pages"}],"about":[{"href":"https:\/\/regalatiempo.cl\/index.php\/wp-json\/wp\/v2\/types\/page"}],"author":[{"embeddable":true,"href":"https:\/\/regalatiempo.cl\/index.php\/wp-json\/wp\/v2\/users\/1"}],"replies":[{"embeddable":true,"href":"https:\/\/regalatiempo.cl\/index.php\/wp-json\/wp\/v2\/comments?post=255"}],"version-history":[{"count":0,"href":"https:\/\/regalatiempo.cl\/index.php\/wp-json\/wp\/v2\/pages\/255\/revisions"}],"wp:attachment":[{"href":"https:\/\/regalatiempo.cl\/index.php\/wp-json\/wp\/v2\/media?parent=255"}],"curies":[{"name":"wp","href":"https:\/\/api.w.org\/{rel}","templated":true}]}}